{"id":2186,"date":"2024-05-20T17:07:09","date_gmt":"2024-05-20T14:07:09","guid":{"rendered":"https:\/\/banisabrinumzeme.lv\/tehniskiedarbi\/"},"modified":"2024-05-20T17:07:09","modified_gmt":"2024-05-20T14:07:09","slug":"tehniskiedarbi","status":"publish","type":"page","link":"https:\/\/banisabrinumzeme.lv\/en\/tehniskiedarbi\/","title":{"rendered":"Tehniskie darbi"},"content":{"rendered":"<!--themify_builder_content-->\n<div id=\"themify_builder_content-2186\" data-postid=\"2186\" class=\"themify_builder_content themify_builder_content-2186 themify_builder tf_clear\">\n                    <div  data-lazy=\"1\" class=\"module_row themify_builder_row tb_xmmi10 tb_first tf_w\">\n                        <div class=\"row_inner col_align_top tb_col_count_1 tf_box tf_rel\">\n                        <div  data-lazy=\"1\" class=\"module_column tb-column col-full tb_65zf11 first\">\n                    <!-- module image -->\n<div  class=\"module module-image tb_sjtt90 image-center   tf_mw\" data-lazy=\"1\">\n        <div class=\"image-wrap tf_rel tf_mw\">\n            <img decoding=\"async\" width=\"1600\" height=\"293\" src=\"https:\/\/banisabrinumzeme.lv\/wp-content\/uploads\/2024\/06\/BBlogohorizont.png\" class=\"wp-post-image wp-image-1550\" title=\"BBlogohorizont\" alt=\"B\u0101n\u012b\u0161a br\u012bnumzeme\" srcset=\"https:\/\/banisabrinumzeme.lv\/wp-content\/uploads\/2024\/06\/BBlogohorizont.png 1600w, https:\/\/banisabrinumzeme.lv\/wp-content\/uploads\/2024\/06\/BBlogohorizont-400x73.png 400w, https:\/\/banisabrinumzeme.lv\/wp-content\/uploads\/2024\/06\/BBlogohorizont-768x141.png 768w, https:\/\/banisabrinumzeme.lv\/wp-content\/uploads\/2024\/06\/BBlogohorizont-1536x281.png 1536w\" sizes=\"(max-width: 1600px) 100vw, 1600px\" \/>    \n        <\/div>\n    <!-- \/image-wrap -->\n    \n        <\/div>\n<!-- \/module image -->        <\/div>\n                        <\/div>\n        <\/div>\n                        <div  data-lazy=\"1\" class=\"module_row themify_builder_row tb_shtb406 tf_w\">\n                        <div class=\"row_inner col_align_top tb_col_count_1 tf_box tf_rel\">\n                        <div  data-lazy=\"1\" class=\"module_column tb-column col-full tb_7r8h407 first\">\n                            <div  data-lazy=\"1\" class=\"module_subrow themify_builder_sub_row tf_w col_align_top tb_col_count_2 tb_w0zg155\">\n                <div  data-lazy=\"1\" class=\"module_column sub_column col4-2 tb_1shm155 first\">\n                    <!-- module icon -->\n<div  class=\"module module-icon tb_ic5z955    icon_horizontal tf_textc\" data-lazy=\"1\">\n            <div class=\"module-icon-item\">\n                            <a href=\"tel:+37126485120\" rel=\"noopener\" target=\"_blank\">\n                                                                    <em class=\"tf_box\" style=\"background-color:#10324d;color:#ffffff\"><svg  class=\"tf_fa tf-fas-phone-alt\" aria-hidden=\"true\"><use href=\"#tf-fas-phone-alt\"><\/use><\/svg><\/em>\n                                                                            <span>+371 26485120<\/span>\n                                                                    <\/a>\n                    <\/div>\n    <\/div>\n<!-- \/module icon -->\n<!-- module icon -->\n<div  class=\"module module-icon tb_9sz6312    icon_horizontal tf_textc\" data-lazy=\"1\">\n            <div class=\"module-icon-item\">\n                            <a href=\"tel:+37125593652\" rel=\"noopener\" target=\"_blank\">\n                                                                    <em class=\"tf_box\" style=\"background-color:#10324d;color:#ffffff\"><svg  class=\"tf_fa tf-fas-phone-alt\" aria-hidden=\"true\"><use href=\"#tf-fas-phone-alt\"><\/use><\/svg><\/em>\n                                                                            <span>+371 25593652<\/span>\n                                                                    <\/a>\n                    <\/div>\n    <\/div>\n<!-- \/module icon -->\n<!-- module icon -->\n<div  class=\"module module-icon tb_79e6168  xlarge  icon_horizontal tf_textc hide-desktop\" data-lazy=\"1\">\n            <div class=\"module-icon-item\">\n                            <a href=\"https:\/\/maps.app.goo.gl\/4qZGCypQmvuzHCT38\" rel=\"noopener\" target=\"_blank\">\n                                                                    <em class=\"tf_box\" style=\"color:#13324e\"><svg  class=\"tf_fa tf-ti-map-alt\" aria-hidden=\"true\"><use href=\"#tf-ti-map-alt\"><\/use><\/svg><\/em>\n                                                                            <span>Google Maps<\/span>\n                                                                    <\/a>\n                    <\/div>\n            <div class=\"module-icon-item\">\n                            <a href=\"waze:\/\/?ll=57.334179,27.028863&amp;navigate=yes\">\n                                                                    <em class=\"tf_box\" style=\"color:#13324e\"><svg  class=\"tf_fa tf-fab-waze\" aria-hidden=\"true\"><use href=\"#tf-fab-waze\"><\/use><\/svg><\/em>\n                                                                            <span>Waze<\/span>\n                                                                    <\/a>\n                    <\/div>\n    <\/div>\n<!-- \/module icon -->\n        <div  data-lazy=\"1\" class=\"module_subrow themify_builder_sub_row tf_w col_align_top tb_col_count_2 tb_8zp4396\">\n                <div  data-lazy=\"1\" class=\"module_column sub_column col4-2 tb_g98r396 first\">\n                    <!-- module buttons -->\n<div  class=\"module module-buttons tb_9ams868 buttons-vertical transparent  large\" data-lazy=\"1\">\n        <div class=\"module-buttons-item tf_in_flx\">\n                        <a href=\"https:\/\/banisabrinumzeme.lv\/wp-content\/uploads\/2024\/06\/BB_cenulapa.webp\" class=\"ui builder_button tf_in_flx themify_lightbox transparent\" rel=\"nofollow\">\n                                                PIED\u0100V\u0100JUMS                                        <\/a>\n                <\/div>\n                    <div class=\"module-buttons-item tf_in_flx\">\n                        <a href=\"https:\/\/banisabrinumzeme.lv\/wp-content\/uploads\/2024\/05\/BB_edienkarte.jpg\" class=\"ui builder_button tf_in_flx transparent\" rel=\"nofollow\">\n                                                \u0112DIENKARTE                                        <\/a>\n                <\/div>\n                    <div class=\"module-buttons-item tf_in_flx\">\n                        <a href=\"https:\/\/banisabrinumzeme.lv\/wp-content\/uploads\/2024\/05\/BB_noteikumi.pdf\" class=\"ui builder_button tf_in_flx transparent\" target=\"_blank\" rel=\"nofollow noopener\">\n                                                NOTEIKUMI                                        <\/a>\n                <\/div>\n            <\/div>\n<!-- \/module buttons -->\n<!-- module widget -->\n<div  class=\"module module-widget tb_slsr282  \" data-lazy=\"1\">\n    <div class=\"widget themify-social-links\"><ul class=\"social-links horizontal\">\n                        <li class=\"social-link-item facebook font-icon icon-large\">\n                            <a href=\"https:\/\/www.facebook.com\/profile.php?id=61553895952327\" aria-label=\"facebook\" target=\"_blank\" rel=\"noopener\"><em style=\"color:#10324d;\"><svg  aria-label=\"Facebook\" class=\"tf_fa tf-fab-facebook\" role=\"img\"><use href=\"#tf-fab-facebook\"><\/use><\/svg><\/em>  <\/a>\n                        <\/li>\n                        <!-- \/themify-link-item -->\n                        <li class=\"social-link-item instagram font-icon icon-large\">\n                            <a href=\"https:\/\/www.instagram.com\/banisa_brinumzeme\/\" aria-label=\"instagram\" target=\"_blank\" rel=\"noopener\"><em style=\"color:#10324d;\"><svg  aria-label=\"Instagram\" class=\"tf_fa tf-fab-instagram\" role=\"img\"><use href=\"#tf-fab-instagram\"><\/use><\/svg><\/em>  <\/a>\n                        <\/li>\n                        <!-- \/themify-link-item -->\n                        <li class=\"social-link-item e-mail font-icon icon-large\">\n                            <a href=\"mailto:stacija@banisabrinumzeme.lv\" aria-label=\"e-mail\" target=\"_blank\" rel=\"noopener\"><em style=\"color:#10324d;\"><svg  aria-label=\"E-mail\" class=\"tf_fa tf-ti-email\" role=\"img\"><use href=\"#tf-ti-email\"><\/use><\/svg><\/em>  <\/a>\n                        <\/li>\n                        <!-- \/themify-link-item --><\/ul><\/div><\/div>\n<!-- \/module widget -->\n        <\/div>\n                    <div  data-lazy=\"1\" class=\"module_column sub_column col4-2 tb_xc1j396 last\">\n                    <!-- module image -->\n<div  class=\"module module-image tb_lf7v118 image-center   tf_mw\" data-lazy=\"1\">\n        <div class=\"image-wrap tf_rel tf_mw\">\n            <img decoding=\"async\" width=\"500\" height=\"369\" src=\"https:\/\/banisabrinumzeme.lv\/wp-content\/uploads\/2024\/05\/bb_darbalaiki.png\" class=\"wp-post-image wp-image-1426\" title=\"Tehniskie darbi\" alt=\"Tehniskie darbi\" srcset=\"https:\/\/banisabrinumzeme.lv\/wp-content\/uploads\/2024\/05\/bb_darbalaiki.png 500w, https:\/\/banisabrinumzeme.lv\/wp-content\/uploads\/2024\/05\/bb_darbalaiki-400x295.png 400w, https:\/\/banisabrinumzeme.lv\/wp-content\/uploads\/2024\/05\/bb_darbalaiki-338x250.png 338w, https:\/\/banisabrinumzeme.lv\/wp-content\/uploads\/2024\/05\/bb_darbalaiki-250x184.png 250w, https:\/\/banisabrinumzeme.lv\/wp-content\/uploads\/2024\/05\/bb_darbalaiki-271x200.png 271w, https:\/\/banisabrinumzeme.lv\/wp-content\/uploads\/2024\/05\/bb_darbalaiki-203x150.png 203w, https:\/\/banisabrinumzeme.lv\/wp-content\/uploads\/2024\/05\/bb_darbalaiki-300x221.png 300w\" sizes=\"(max-width: 500px) 100vw, 500px\" \/>    \n        <\/div>\n    <!-- \/image-wrap -->\n    \n        <\/div>\n<!-- \/module image -->        <\/div>\n                    <\/div>\n                <\/div>\n                    <div  data-lazy=\"1\" class=\"module_column sub_column col4-2 tb_kqsk156 last\">\n                    <!-- module image -->\n<div  class=\"module module-image tb_k3av731 image-center   tf_mw\" data-lazy=\"1\">\n        <div class=\"image-wrap tf_rel tf_mw\">\n            <img decoding=\"async\" src=\"https:\/\/banisabrinumzeme.lv\/wp-content\/uploads\/2024\/05\/asbi_bb-300x268.png\" width=\"300\" height=\"268\" class=\"wp-post-image wp-image-1424\" title=\"Tehniskie darbi\" alt=\"Tehniskie darbi\" srcset=\"https:\/\/banisabrinumzeme.lv\/wp-content\/uploads\/2024\/05\/asbi_bb-300x268.png 300w, https:\/\/banisabrinumzeme.lv\/wp-content\/uploads\/2024\/05\/asbi_bb-400x357.png 400w, https:\/\/banisabrinumzeme.lv\/wp-content\/uploads\/2024\/05\/asbi_bb-279x250.png 279w, https:\/\/banisabrinumzeme.lv\/wp-content\/uploads\/2024\/05\/asbi_bb-223x200.png 223w, https:\/\/banisabrinumzeme.lv\/wp-content\/uploads\/2024\/05\/asbi_bb-250x223.png 250w, https:\/\/banisabrinumzeme.lv\/wp-content\/uploads\/2024\/05\/asbi_bb.png 422w\" sizes=\"(max-width: 300px) 100vw, 300px\" \/>    \n        <\/div>\n    <!-- \/image-wrap -->\n    \n        <\/div>\n<!-- \/module image --><!-- module text -->\n<div  class=\"module module-text tb_anyu156   \" data-lazy=\"1\">\n        <div  class=\"tb_text_wrap\">\n        <p style=\"text-align: center;\"><strong>SIA &#8220;Annas Vairogi&#8221;<\/strong><br>Re\u0123. Nr.: 40203473869<br>\u201cVairogi\u201d, Anna, Annas pagasts, Al\u016bksnes novads, LV-4341<\/p>    <\/div>\n<\/div>\n<!-- \/module text --><!-- module text -->\n<div  class=\"module module-text tb_k077862    hide-desktop hide-tablet hide-tablet_landscape hide-mobile\" data-lazy=\"1\">\n        <div  class=\"tb_text_wrap\">\n        <h3 style=\"text-align: center;\"><strong>Tiek veikti lapas tehniskie darbi<\/strong><\/h3>    <\/div>\n<\/div>\n<!-- \/module text -->        <\/div>\n                    <\/div>\n                <\/div>\n                        <\/div>\n        <\/div>\n                        <div  data-lazy=\"1\" class=\"module_row themify_builder_row tb_v8hq96 tf_w\">\n                        <div class=\"row_inner col_align_top tb_col_count_1 tf_box tf_rel\">\n                        <div  data-lazy=\"1\" class=\"module_column tb-column col-full tb_5ptv96 first\">\n                    <!-- module divider -->\n<div  class=\"module tf_mw module-divider tb_xzxv144 dotted   \" style=\"border-width: 50px;border-color: #ed7023;margin-top: 25px;\" data-lazy=\"1\">\n    <\/div>\n<!-- \/module divider -->\n        <\/div>\n                        <\/div>\n        <\/div>\n        <\/div>\n<!--\/themify_builder_content-->","protected":false},"excerpt":{"rendered":"<p>+371 26485120 +371 25593652 Google Maps Waze PIED\u0100V\u0100JUMS \u0112DIENKARTE NOTEIKUMI Facebook Instagram E-pasts SIA &#8220;Annas Vairogi&#8221; Re\u0123. Nr.: 40203473869 \u201cVairogi\u201d, Anna, Annas pagasts, Al\u016bksnes novads, LV-4341 Tiek veikti lapas tehniskie darbi<\/p>\n","protected":false},"author":1,"featured_media":0,"parent":0,"menu_order":0,"comment_status":"closed","ping_status":"closed","template":"","meta":{"footnotes":""},"class_list":["post-2186","page","type-page","status-publish","hentry","has-post-title","has-post-date","has-post-category","has-post-tag","has-post-comment","has-post-author",""],"yoast_head":"<title>Tehniskie darbi - B\u0101n\u012b\u0161a wonderland<\/title>\n<meta name=\"robots\" content=\"index, follow, max-snippet:-1, max-image-preview:large, max-video-preview:-1\" \/>\n<link rel=\"canonical\" href=\"https:\/\/banisabrinumzeme.lv\/en\/tehniskiedarbi\/\" \/>\n<meta property=\"og:locale\" content=\"en_US\" \/>\n<meta property=\"og:type\" content=\"article\" \/>\n<meta property=\"og:title\" content=\"Tehniskie darbi - B\u0101n\u012b\u0161a wonderland\" \/>\n<meta property=\"og:description\" content=\"+371 26485120 +371 25593652 Google Maps Waze PIED\u0100V\u0100JUMS \u0112DIENKARTE NOTEIKUMI Facebook Instagram E-pasts SIA &#8220;Annas Vairogi&#8221; Re\u0123. Nr.: 40203473869 \u201cVairogi\u201d, Anna, Annas pagasts, Al\u016bksnes novads, LV-4341 Tiek veikti lapas tehniskie darbi\" \/>\n<meta property=\"og:url\" content=\"https:\/\/banisabrinumzeme.lv\/en\/tehniskiedarbi\/\" \/>\n<meta property=\"og:site_name\" content=\"B\u0101n\u012b\u0161a wonderland\" \/>\n<meta property=\"article:publisher\" content=\"https:\/\/www.facebook.com\/profile.php?id=61553895952327\" \/>\n<meta property=\"og:image\" content=\"https:\/\/banisabrinumzeme.lv\/wp-content\/uploads\/2024\/06\/BBlogohorizont.png\" \/>\n<meta name=\"twitter:card\" content=\"summary_large_image\" \/>\n<script type=\"application\/ld+json\" class=\"yoast-schema-graph\">{\"@context\":\"https:\\\/\\\/schema.org\",\"@graph\":[{\"@type\":\"WebPage\",\"@id\":\"https:\\\/\\\/banisabrinumzeme.lv\\\/en\\\/tehniskiedarbi\\\/\",\"url\":\"https:\\\/\\\/banisabrinumzeme.lv\\\/en\\\/tehniskiedarbi\\\/\",\"name\":\"Tehniskie darbi - B\u0101n\u012b\u0161a wonderland\",\"isPartOf\":{\"@id\":\"https:\\\/\\\/banisabrinumzeme.lv\\\/#website\"},\"primaryImageOfPage\":{\"@id\":\"https:\\\/\\\/banisabrinumzeme.lv\\\/en\\\/tehniskiedarbi\\\/#primaryimage\"},\"image\":{\"@id\":\"https:\\\/\\\/banisabrinumzeme.lv\\\/en\\\/tehniskiedarbi\\\/#primaryimage\"},\"thumbnailUrl\":\"https:\\\/\\\/banisabrinumzeme.lv\\\/wp-content\\\/uploads\\\/2024\\\/06\\\/BBlogohorizont.png\",\"datePublished\":\"2024-05-20T14:07:09+00:00\",\"breadcrumb\":{\"@id\":\"https:\\\/\\\/banisabrinumzeme.lv\\\/en\\\/tehniskiedarbi\\\/#breadcrumb\"},\"inLanguage\":\"en-US\",\"potentialAction\":[{\"@type\":\"ReadAction\",\"target\":[\"https:\\\/\\\/banisabrinumzeme.lv\\\/en\\\/tehniskiedarbi\\\/\"]}]},{\"@type\":\"ImageObject\",\"inLanguage\":\"en-US\",\"@id\":\"https:\\\/\\\/banisabrinumzeme.lv\\\/en\\\/tehniskiedarbi\\\/#primaryimage\",\"url\":\"https:\\\/\\\/banisabrinumzeme.lv\\\/wp-content\\\/uploads\\\/2024\\\/06\\\/BBlogohorizont.png\",\"contentUrl\":\"https:\\\/\\\/banisabrinumzeme.lv\\\/wp-content\\\/uploads\\\/2024\\\/06\\\/BBlogohorizont.png\"},{\"@type\":\"BreadcrumbList\",\"@id\":\"https:\\\/\\\/banisabrinumzeme.lv\\\/en\\\/tehniskiedarbi\\\/#breadcrumb\",\"itemListElement\":[{\"@type\":\"ListItem\",\"position\":1,\"name\":\"Home\",\"item\":\"https:\\\/\\\/banisabrinumzeme.lv\\\/\"},{\"@type\":\"ListItem\",\"position\":2,\"name\":\"Tehniskie darbi\"}]},{\"@type\":\"WebSite\",\"@id\":\"https:\\\/\\\/banisabrinumzeme.lv\\\/#website\",\"url\":\"https:\\\/\\\/banisabrinumzeme.lv\\\/\",\"name\":\"B\u0101n\u012b\u0161a wonderland\",\"description\":\"Family entertainment and recreation center \\\"B\u0101n\u012b\u0161a wonderland\\\"\",\"potentialAction\":[{\"@type\":\"SearchAction\",\"target\":{\"@type\":\"EntryPoint\",\"urlTemplate\":\"https:\\\/\\\/banisabrinumzeme.lv\\\/?s={search_term_string}\"},\"query-input\":{\"@type\":\"PropertyValueSpecification\",\"valueRequired\":true,\"valueName\":\"search_term_string\"}}],\"inLanguage\":\"en-US\"}]}<\/script>","yoast_head_json":{"title":"Tehniskie darbi - B\u0101n\u012b\u0161a wonderland","robots":{"index":"index","follow":"follow","max-snippet":"max-snippet:-1","max-image-preview":"max-image-preview:large","max-video-preview":"max-video-preview:-1"},"canonical":"https:\/\/banisabrinumzeme.lv\/en\/tehniskiedarbi\/","og_locale":"en_US","og_type":"article","og_title":"Tehniskie darbi - B\u0101n\u012b\u0161a wonderland","og_description":"+371 26485120 +371 25593652 Google Maps Waze PIED\u0100V\u0100JUMS \u0112DIENKARTE NOTEIKUMI Facebook Instagram E-pasts SIA &#8220;Annas Vairogi&#8221; Re\u0123. Nr.: 40203473869 \u201cVairogi\u201d, Anna, Annas pagasts, Al\u016bksnes novads, LV-4341 Tiek veikti lapas tehniskie darbi","og_url":"https:\/\/banisabrinumzeme.lv\/en\/tehniskiedarbi\/","og_site_name":"B\u0101n\u012b\u0161a wonderland","article_publisher":"https:\/\/www.facebook.com\/profile.php?id=61553895952327","og_image":[{"url":"https:\/\/banisabrinumzeme.lv\/wp-content\/uploads\/2024\/06\/BBlogohorizont.png","type":"","width":"","height":""}],"twitter_card":"summary_large_image","schema":{"@context":"https:\/\/schema.org","@graph":[{"@type":"WebPage","@id":"https:\/\/banisabrinumzeme.lv\/en\/tehniskiedarbi\/","url":"https:\/\/banisabrinumzeme.lv\/en\/tehniskiedarbi\/","name":"Tehniskie darbi - B\u0101n\u012b\u0161a wonderland","isPartOf":{"@id":"https:\/\/banisabrinumzeme.lv\/#website"},"primaryImageOfPage":{"@id":"https:\/\/banisabrinumzeme.lv\/en\/tehniskiedarbi\/#primaryimage"},"image":{"@id":"https:\/\/banisabrinumzeme.lv\/en\/tehniskiedarbi\/#primaryimage"},"thumbnailUrl":"https:\/\/banisabrinumzeme.lv\/wp-content\/uploads\/2024\/06\/BBlogohorizont.png","datePublished":"2024-05-20T14:07:09+00:00","breadcrumb":{"@id":"https:\/\/banisabrinumzeme.lv\/en\/tehniskiedarbi\/#breadcrumb"},"inLanguage":"en-US","potentialAction":[{"@type":"ReadAction","target":["https:\/\/banisabrinumzeme.lv\/en\/tehniskiedarbi\/"]}]},{"@type":"ImageObject","inLanguage":"en-US","@id":"https:\/\/banisabrinumzeme.lv\/en\/tehniskiedarbi\/#primaryimage","url":"https:\/\/banisabrinumzeme.lv\/wp-content\/uploads\/2024\/06\/BBlogohorizont.png","contentUrl":"https:\/\/banisabrinumzeme.lv\/wp-content\/uploads\/2024\/06\/BBlogohorizont.png"},{"@type":"BreadcrumbList","@id":"https:\/\/banisabrinumzeme.lv\/en\/tehniskiedarbi\/#breadcrumb","itemListElement":[{"@type":"ListItem","position":1,"name":"Home","item":"https:\/\/banisabrinumzeme.lv\/"},{"@type":"ListItem","position":2,"name":"Tehniskie darbi"}]},{"@type":"WebSite","@id":"https:\/\/banisabrinumzeme.lv\/#website","url":"https:\/\/banisabrinumzeme.lv\/","name":"B\u0101n\u012b\u0161a wonderland","description":"Family entertainment and recreation center \"B\u0101n\u012b\u0161a wonderland\"","potentialAction":[{"@type":"SearchAction","target":{"@type":"EntryPoint","urlTemplate":"https:\/\/banisabrinumzeme.lv\/?s={search_term_string}"},"query-input":{"@type":"PropertyValueSpecification","valueRequired":true,"valueName":"search_term_string"}}],"inLanguage":"en-US"}]}},"_links":{"self":[{"href":"https:\/\/banisabrinumzeme.lv\/en\/wp-json\/wp\/v2\/pages\/2186","targetHints":{"allow":["GET"]}}],"collection":[{"href":"https:\/\/banisabrinumzeme.lv\/en\/wp-json\/wp\/v2\/pages"}],"about":[{"href":"https:\/\/banisabrinumzeme.lv\/en\/wp-json\/wp\/v2\/types\/page"}],"author":[{"embeddable":true,"href":"https:\/\/banisabrinumzeme.lv\/en\/wp-json\/wp\/v2\/users\/1"}],"replies":[{"embeddable":true,"href":"https:\/\/banisabrinumzeme.lv\/en\/wp-json\/wp\/v2\/comments?post=2186"}],"version-history":[{"count":0,"href":"https:\/\/banisabrinumzeme.lv\/en\/wp-json\/wp\/v2\/pages\/2186\/revisions"}],"wp:attachment":[{"href":"https:\/\/banisabrinumzeme.lv\/en\/wp-json\/wp\/v2\/media?parent=2186"}],"curies":[{"name":"wp","href":"https:\/\/api.w.org\/{rel}","templated":true}]}}